{"id":297,"date":"2015-09-23T19:59:56","date_gmt":"2015-09-23T19:59:56","guid":{"rendered":"http:\/\/romanianspring.com\/a\/ro\/about-romanian-spring\/"},"modified":"2016-02-12T15:16:31","modified_gmt":"2016-02-12T15:16:31","slug":"about-romanian-spring","status":"publish","type":"page","link":"https:\/\/romanianspring.com\/ro\/about-romanian-spring\/","title":{"rendered":"Despre noi"},"content":{"rendered":"<div class=\"intro\">\n<p>Rom\u00e2nia este o \u021bar\u0103 frumoas\u0103 \u0219i fascinant\u0103, \u00een mare parte nedescoperit\u0103, credem noi. De\u0219i este electrizant uneori s\u0103 avem o destina\u021bie secret\u0103 numai pentru noi, suntem gata s\u0103 dezv\u0103luim locurile cele mai senza\u021bionale \u0219i oamenii interesan\u021bi din Rom\u00e2nia \u0219i s\u0103 le \u00eemp\u0103rt\u0103\u0219im cu al\u021bi c\u0103l\u0103tori \u0219i exploratori curio\u0219i care ajung \u00een aceast\u0103 parte a Europei \u00een timpul liber sau datorit\u0103 c\u0103l\u0103toriilor de afaceri.<\/p>\n<hr \/>\n<p>&nbsp;<\/p>\n<\/div>\n","protected":false},"excerpt":{"rendered":"<p>Rom\u00e2nia este o \u021bar\u0103 frumoas\u0103 \u0219i fascinant\u0103, \u00een mare parte nedescoperit\u0103, credem noi. De\u0219i este electrizant uneori s\u0103 avem o destina\u021bie secret\u0103 numai pentru noi, suntem gata s\u0103 dezv\u0103luim locurile cele mai senza\u021bionale \u0219i oamenii interesan\u021bi din Rom\u00e2nia \u0219i s\u0103 le \u00eemp\u0103rt\u0103\u0219im cu al\u021bi c\u0103l\u0103tori \u0219i exploratori curio\u0219i care ajung \u00een aceast\u0103 parte a Europei <a class=\"read-more\" href=\"https:\/\/romanianspring.com\/ro\/about-romanian-spring\/\">Read More ><\/a><\/p>\n","protected":false},"author":1,"featured_media":0,"parent":0,"menu_order":0,"comment_status":"closed","ping_status":"closed","template":"","meta":[],"yoast_head":"<!-- This site is optimized with the Yoast SEO plugin v19.4 - https:\/\/yoast.com\/wordpress\/plugins\/seo\/ -->\n<title>Despre noi - Romanian Spring<\/title>\n<meta name=\"robots\" content=\"index, follow, max-snippet:-1, max-image-preview:large, max-video-preview:-1\" \/>\n<link rel=\"canonical\" href=\"https:\/\/romanianspring.com\/ro\/about-romanian-spring\/\" \/>\n<meta property=\"og:locale\" content=\"ro_RO\" \/>\n<meta property=\"og:type\" content=\"article\" \/>\n<meta property=\"og:title\" content=\"Despre noi - Romanian Spring\" \/>\n<meta property=\"og:description\" content=\"Rom\u00e2nia este o \u021bar\u0103 frumoas\u0103 \u0219i fascinant\u0103, \u00een mare parte nedescoperit\u0103, credem noi. De\u0219i este electrizant uneori s\u0103 avem o destina\u021bie secret\u0103 numai pentru noi, suntem gata s\u0103 dezv\u0103luim locurile cele mai senza\u021bionale \u0219i oamenii interesan\u021bi din Rom\u00e2nia \u0219i s\u0103 le \u00eemp\u0103rt\u0103\u0219im cu al\u021bi c\u0103l\u0103tori \u0219i exploratori curio\u0219i care ajung \u00een aceast\u0103 parte a Europei Read More &gt;\" \/>\n<meta property=\"og:url\" content=\"https:\/\/romanianspring.com\/ro\/about-romanian-spring\/\" \/>\n<meta property=\"og:site_name\" content=\"Romanian Spring\" \/>\n<meta property=\"article:modified_time\" content=\"2016-02-12T15:16:31+00:00\" \/>\n<meta property=\"og:image\" content=\"https:\/\/romanianspring.com\/a\/wp-content\/uploads\/2015\/12\/RoS_icon-white-on-red.jpg\" \/>\n\t<meta property=\"og:image:width\" content=\"1200\" \/>\n\t<meta property=\"og:image:height\" content=\"1200\" \/>\n\t<meta property=\"og:image:type\" content=\"image\/jpeg\" \/>\n<meta name=\"twitter:card\" content=\"summary\" \/>\n<script type=\"application\/ld+json\" class=\"yoast-schema-graph\">{\"@context\":\"https:\/\/schema.org\",\"@graph\":[{\"@type\":\"Organization\",\"@id\":\"http:\/\/romanianspring.com\/#organization\",\"name\":\"Romanian Spring\",\"url\":\"http:\/\/romanianspring.com\/\",\"sameAs\":[],\"logo\":{\"@type\":\"ImageObject\",\"inLanguage\":\"ro-RO\",\"@id\":\"http:\/\/romanianspring.com\/#\/schema\/logo\/image\/\",\"url\":\"http:\/\/romanianspring.com\/a\/wp-content\/uploads\/2015\/09\/New-icon-42-Short-Look.png\",\"contentUrl\":\"http:\/\/romanianspring.com\/a\/wp-content\/uploads\/2015\/09\/New-icon-42-Short-Look.png\",\"width\":196,\"height\":196,\"caption\":\"Romanian Spring\"},\"image\":{\"@id\":\"http:\/\/romanianspring.com\/#\/schema\/logo\/image\/\"}},{\"@type\":\"WebSite\",\"@id\":\"http:\/\/romanianspring.com\/#website\",\"url\":\"http:\/\/romanianspring.com\/\",\"name\":\"Romanian Spring\",\"description\":\"\",\"publisher\":{\"@id\":\"http:\/\/romanianspring.com\/#organization\"},\"potentialAction\":[{\"@type\":\"SearchAction\",\"target\":{\"@type\":\"EntryPoint\",\"urlTemplate\":\"http:\/\/romanianspring.com\/?s={search_term_string}\"},\"query-input\":\"required name=search_term_string\"}],\"inLanguage\":\"ro-RO\"},{\"@type\":\"WebPage\",\"@id\":\"https:\/\/romanianspring.com\/ro\/about-romanian-spring\/\",\"url\":\"https:\/\/romanianspring.com\/ro\/about-romanian-spring\/\",\"name\":\"Despre noi - Romanian Spring\",\"isPartOf\":{\"@id\":\"http:\/\/romanianspring.com\/#website\"},\"datePublished\":\"2015-09-23T19:59:56+00:00\",\"dateModified\":\"2016-02-12T15:16:31+00:00\",\"breadcrumb\":{\"@id\":\"https:\/\/romanianspring.com\/ro\/about-romanian-spring\/#breadcrumb\"},\"inLanguage\":\"ro-RO\",\"potentialAction\":[{\"@type\":\"ReadAction\",\"target\":[\"https:\/\/romanianspring.com\/ro\/about-romanian-spring\/\"]}]},{\"@type\":\"BreadcrumbList\",\"@id\":\"https:\/\/romanianspring.com\/ro\/about-romanian-spring\/#breadcrumb\",\"itemListElement\":[{\"@type\":\"ListItem\",\"position\":1,\"name\":\"Home\",\"item\":\"https:\/\/romanianspring.com\/ro\/\"},{\"@type\":\"ListItem\",\"position\":2,\"name\":\"Despre noi\"}]}]}<\/script>\n<!-- \/ Yoast SEO plugin. -->","yoast_head_json":{"title":"Despre noi - Romanian Spring","robots":{"index":"index","follow":"follow","max-snippet":"max-snippet:-1","max-image-preview":"max-image-preview:large","max-video-preview":"max-video-preview:-1"},"canonical":"https:\/\/romanianspring.com\/ro\/about-romanian-spring\/","og_locale":"ro_RO","og_type":"article","og_title":"Despre noi - Romanian Spring","og_description":"Rom\u00e2nia este o \u021bar\u0103 frumoas\u0103 \u0219i fascinant\u0103, \u00een mare parte nedescoperit\u0103, credem noi. De\u0219i este electrizant uneori s\u0103 avem o destina\u021bie secret\u0103 numai pentru noi, suntem gata s\u0103 dezv\u0103luim locurile cele mai senza\u021bionale \u0219i oamenii interesan\u021bi din Rom\u00e2nia \u0219i s\u0103 le \u00eemp\u0103rt\u0103\u0219im cu al\u021bi c\u0103l\u0103tori \u0219i exploratori curio\u0219i care ajung \u00een aceast\u0103 parte a Europei Read More >","og_url":"https:\/\/romanianspring.com\/ro\/about-romanian-spring\/","og_site_name":"Romanian Spring","article_modified_time":"2016-02-12T15:16:31+00:00","og_image":[{"width":1200,"height":1200,"url":"https:\/\/romanianspring.com\/a\/wp-content\/uploads\/2015\/12\/RoS_icon-white-on-red.jpg","type":"image\/jpeg"}],"twitter_card":"summary","schema":{"@context":"https:\/\/schema.org","@graph":[{"@type":"Organization","@id":"http:\/\/romanianspring.com\/#organization","name":"Romanian Spring","url":"http:\/\/romanianspring.com\/","sameAs":[],"logo":{"@type":"ImageObject","inLanguage":"ro-RO","@id":"http:\/\/romanianspring.com\/#\/schema\/logo\/image\/","url":"http:\/\/romanianspring.com\/a\/wp-content\/uploads\/2015\/09\/New-icon-42-Short-Look.png","contentUrl":"http:\/\/romanianspring.com\/a\/wp-content\/uploads\/2015\/09\/New-icon-42-Short-Look.png","width":196,"height":196,"caption":"Romanian Spring"},"image":{"@id":"http:\/\/romanianspring.com\/#\/schema\/logo\/image\/"}},{"@type":"WebSite","@id":"http:\/\/romanianspring.com\/#website","url":"http:\/\/romanianspring.com\/","name":"Romanian Spring","description":"","publisher":{"@id":"http:\/\/romanianspring.com\/#organization"},"potentialAction":[{"@type":"SearchAction","target":{"@type":"EntryPoint","urlTemplate":"http:\/\/romanianspring.com\/?s={search_term_string}"},"query-input":"required name=search_term_string"}],"inLanguage":"ro-RO"},{"@type":"WebPage","@id":"https:\/\/romanianspring.com\/ro\/about-romanian-spring\/","url":"https:\/\/romanianspring.com\/ro\/about-romanian-spring\/","name":"Despre noi - Romanian Spring","isPartOf":{"@id":"http:\/\/romanianspring.com\/#website"},"datePublished":"2015-09-23T19:59:56+00:00","dateModified":"2016-02-12T15:16:31+00:00","breadcrumb":{"@id":"https:\/\/romanianspring.com\/ro\/about-romanian-spring\/#breadcrumb"},"inLanguage":"ro-RO","potentialAction":[{"@type":"ReadAction","target":["https:\/\/romanianspring.com\/ro\/about-romanian-spring\/"]}]},{"@type":"BreadcrumbList","@id":"https:\/\/romanianspring.com\/ro\/about-romanian-spring\/#breadcrumb","itemListElement":[{"@type":"ListItem","position":1,"name":"Home","item":"https:\/\/romanianspring.com\/ro\/"},{"@type":"ListItem","position":2,"name":"Despre noi"}]}]}},"_links":{"self":[{"href":"https:\/\/romanianspring.com\/ro\/wp-json\/wp\/v2\/pages\/297"}],"collection":[{"href":"https:\/\/romanianspring.com\/ro\/wp-json\/wp\/v2\/pages"}],"about":[{"href":"https:\/\/romanianspring.com\/ro\/wp-json\/wp\/v2\/types\/page"}],"author":[{"embeddable":true,"href":"https:\/\/romanianspring.com\/ro\/wp-json\/wp\/v2\/users\/1"}],"replies":[{"embeddable":true,"href":"https:\/\/romanianspring.com\/ro\/wp-json\/wp\/v2\/comments?post=297"}],"version-history":[{"count":10,"href":"https:\/\/romanianspring.com\/ro\/wp-json\/wp\/v2\/pages\/297\/revisions"}],"predecessor-version":[{"id":974,"href":"https:\/\/romanianspring.com\/ro\/wp-json\/wp\/v2\/pages\/297\/revisions\/974"}],"wp:attachment":[{"href":"https:\/\/romanianspring.com\/ro\/wp-json\/wp\/v2\/media?parent=297"}],"curies":[{"name":"wp","href":"https:\/\/api.w.org\/{rel}","templated":true}]}}