{"id":665,"date":"2015-09-23T19:59:56","date_gmt":"2015-09-23T19:59:56","guid":{"rendered":"http:\/\/romanianspring.com\/a\/de\/about-romanian-spring\/"},"modified":"2016-02-23T17:15:44","modified_gmt":"2016-02-23T17:15:44","slug":"about-romanian-spring","status":"publish","type":"page","link":"https:\/\/romanianspring.com\/de\/about-romanian-spring\/","title":{"rendered":"\u00dcber uns"},"content":{"rendered":"<div class=\"intro\">\n<p>Rum\u00e4nien ist ein wundersch\u00f6nes und faszinierendes Land, das unserer Ansicht nach zum gr\u00f6\u00dften Teil unentdeckt ist. Obwohl es manches Mal prickelnd ist, ein geheimes Reiseziel nur f\u00fcr sich zu haben, sind wir bereit die au\u00dfergew\u00f6hnlichsten Orte und interessantesten Menschen aus Rum\u00e4nien preiszugeben und sie mit anderen Reisenden und neugierigen Entdeckern, die in diesen Teil Europas, w\u00e4hrend ihrer Freizeit oder anl\u00e4sslich ihrer Dienstreisen kommen, zu teilen.<\/p>\n<\/div>\n","protected":false},"excerpt":{"rendered":"<p>Rum\u00e4nien ist ein wundersch\u00f6nes und faszinierendes Land, das unserer Ansicht nach zum gr\u00f6\u00dften Teil unentdeckt ist. Obwohl es manches Mal prickelnd ist, ein geheimes Reiseziel nur f\u00fcr sich zu haben, sind wir bereit die au\u00dfergew\u00f6hnlichsten Orte und interessantesten Menschen aus Rum\u00e4nien preiszugeben und sie mit anderen Reisenden und neugierigen Entdeckern, die in diesen Teil Europas, <a class=\"read-more\" href=\"https:\/\/romanianspring.com\/de\/about-romanian-spring\/\">Read More ><\/a><\/p>\n","protected":false},"author":1,"featured_media":0,"parent":0,"menu_order":0,"comment_status":"closed","ping_status":"closed","template":"","meta":[],"yoast_head":"<!-- This site is optimized with the Yoast SEO plugin v19.4 - https:\/\/yoast.com\/wordpress\/plugins\/seo\/ -->\n<title>\u00dcber uns - Romanian Spring<\/title>\n<meta name=\"robots\" content=\"index, follow, max-snippet:-1, max-image-preview:large, max-video-preview:-1\" \/>\n<link rel=\"canonical\" href=\"https:\/\/romanianspring.com\/de\/about-romanian-spring\/\" \/>\n<meta property=\"og:locale\" content=\"de_DE\" \/>\n<meta property=\"og:type\" content=\"article\" \/>\n<meta property=\"og:title\" content=\"\u00dcber uns - Romanian Spring\" \/>\n<meta property=\"og:description\" content=\"Rum\u00e4nien ist ein wundersch\u00f6nes und faszinierendes Land, das unserer Ansicht nach zum gr\u00f6\u00dften Teil unentdeckt ist. Obwohl es manches Mal prickelnd ist, ein geheimes Reiseziel nur f\u00fcr sich zu haben, sind wir bereit die au\u00dfergew\u00f6hnlichsten Orte und interessantesten Menschen aus Rum\u00e4nien preiszugeben und sie mit anderen Reisenden und neugierigen Entdeckern, die in diesen Teil Europas, Read More &gt;\" \/>\n<meta property=\"og:url\" content=\"https:\/\/romanianspring.com\/de\/about-romanian-spring\/\" \/>\n<meta property=\"og:site_name\" content=\"Romanian Spring\" \/>\n<meta property=\"article:modified_time\" content=\"2016-02-23T17:15:44+00:00\" \/>\n<meta property=\"og:image\" content=\"https:\/\/romanianspring.com\/a\/wp-content\/uploads\/2015\/12\/RoS_icon-white-on-red.jpg\" \/>\n\t<meta property=\"og:image:width\" content=\"1200\" \/>\n\t<meta property=\"og:image:height\" content=\"1200\" \/>\n\t<meta property=\"og:image:type\" content=\"image\/jpeg\" \/>\n<meta name=\"twitter:card\" content=\"summary\" \/>\n<script type=\"application\/ld+json\" class=\"yoast-schema-graph\">{\"@context\":\"https:\/\/schema.org\",\"@graph\":[{\"@type\":\"Organization\",\"@id\":\"http:\/\/romanianspring.com\/#organization\",\"name\":\"Romanian Spring\",\"url\":\"http:\/\/romanianspring.com\/\",\"sameAs\":[],\"logo\":{\"@type\":\"ImageObject\",\"inLanguage\":\"de\",\"@id\":\"http:\/\/romanianspring.com\/#\/schema\/logo\/image\/\",\"url\":\"http:\/\/romanianspring.com\/a\/wp-content\/uploads\/2015\/09\/New-icon-42-Short-Look.png\",\"contentUrl\":\"http:\/\/romanianspring.com\/a\/wp-content\/uploads\/2015\/09\/New-icon-42-Short-Look.png\",\"width\":196,\"height\":196,\"caption\":\"Romanian Spring\"},\"image\":{\"@id\":\"http:\/\/romanianspring.com\/#\/schema\/logo\/image\/\"}},{\"@type\":\"WebSite\",\"@id\":\"http:\/\/romanianspring.com\/#website\",\"url\":\"http:\/\/romanianspring.com\/\",\"name\":\"Romanian Spring\",\"description\":\"\",\"publisher\":{\"@id\":\"http:\/\/romanianspring.com\/#organization\"},\"potentialAction\":[{\"@type\":\"SearchAction\",\"target\":{\"@type\":\"EntryPoint\",\"urlTemplate\":\"http:\/\/romanianspring.com\/?s={search_term_string}\"},\"query-input\":\"required name=search_term_string\"}],\"inLanguage\":\"de\"},{\"@type\":\"WebPage\",\"@id\":\"https:\/\/romanianspring.com\/de\/about-romanian-spring\/\",\"url\":\"https:\/\/romanianspring.com\/de\/about-romanian-spring\/\",\"name\":\"\u00dcber uns - Romanian Spring\",\"isPartOf\":{\"@id\":\"http:\/\/romanianspring.com\/#website\"},\"datePublished\":\"2015-09-23T19:59:56+00:00\",\"dateModified\":\"2016-02-23T17:15:44+00:00\",\"breadcrumb\":{\"@id\":\"https:\/\/romanianspring.com\/de\/about-romanian-spring\/#breadcrumb\"},\"inLanguage\":\"de\",\"potentialAction\":[{\"@type\":\"ReadAction\",\"target\":[\"https:\/\/romanianspring.com\/de\/about-romanian-spring\/\"]}]},{\"@type\":\"BreadcrumbList\",\"@id\":\"https:\/\/romanianspring.com\/de\/about-romanian-spring\/#breadcrumb\",\"itemListElement\":[{\"@type\":\"ListItem\",\"position\":1,\"name\":\"Home\",\"item\":\"http:\/\/romanianspring.com\/de\/\"},{\"@type\":\"ListItem\",\"position\":2,\"name\":\"\u00dcber uns\"}]}]}<\/script>\n<!-- \/ Yoast SEO plugin. -->","yoast_head_json":{"title":"\u00dcber uns - Romanian Spring","robots":{"index":"index","follow":"follow","max-snippet":"max-snippet:-1","max-image-preview":"max-image-preview:large","max-video-preview":"max-video-preview:-1"},"canonical":"https:\/\/romanianspring.com\/de\/about-romanian-spring\/","og_locale":"de_DE","og_type":"article","og_title":"\u00dcber uns - Romanian Spring","og_description":"Rum\u00e4nien ist ein wundersch\u00f6nes und faszinierendes Land, das unserer Ansicht nach zum gr\u00f6\u00dften Teil unentdeckt ist. Obwohl es manches Mal prickelnd ist, ein geheimes Reiseziel nur f\u00fcr sich zu haben, sind wir bereit die au\u00dfergew\u00f6hnlichsten Orte und interessantesten Menschen aus Rum\u00e4nien preiszugeben und sie mit anderen Reisenden und neugierigen Entdeckern, die in diesen Teil Europas, Read More >","og_url":"https:\/\/romanianspring.com\/de\/about-romanian-spring\/","og_site_name":"Romanian Spring","article_modified_time":"2016-02-23T17:15:44+00:00","og_image":[{"width":1200,"height":1200,"url":"https:\/\/romanianspring.com\/a\/wp-content\/uploads\/2015\/12\/RoS_icon-white-on-red.jpg","type":"image\/jpeg"}],"twitter_card":"summary","schema":{"@context":"https:\/\/schema.org","@graph":[{"@type":"Organization","@id":"http:\/\/romanianspring.com\/#organization","name":"Romanian Spring","url":"http:\/\/romanianspring.com\/","sameAs":[],"logo":{"@type":"ImageObject","inLanguage":"de","@id":"http:\/\/romanianspring.com\/#\/schema\/logo\/image\/","url":"http:\/\/romanianspring.com\/a\/wp-content\/uploads\/2015\/09\/New-icon-42-Short-Look.png","contentUrl":"http:\/\/romanianspring.com\/a\/wp-content\/uploads\/2015\/09\/New-icon-42-Short-Look.png","width":196,"height":196,"caption":"Romanian Spring"},"image":{"@id":"http:\/\/romanianspring.com\/#\/schema\/logo\/image\/"}},{"@type":"WebSite","@id":"http:\/\/romanianspring.com\/#website","url":"http:\/\/romanianspring.com\/","name":"Romanian Spring","description":"","publisher":{"@id":"http:\/\/romanianspring.com\/#organization"},"potentialAction":[{"@type":"SearchAction","target":{"@type":"EntryPoint","urlTemplate":"http:\/\/romanianspring.com\/?s={search_term_string}"},"query-input":"required name=search_term_string"}],"inLanguage":"de"},{"@type":"WebPage","@id":"https:\/\/romanianspring.com\/de\/about-romanian-spring\/","url":"https:\/\/romanianspring.com\/de\/about-romanian-spring\/","name":"\u00dcber uns - Romanian Spring","isPartOf":{"@id":"http:\/\/romanianspring.com\/#website"},"datePublished":"2015-09-23T19:59:56+00:00","dateModified":"2016-02-23T17:15:44+00:00","breadcrumb":{"@id":"https:\/\/romanianspring.com\/de\/about-romanian-spring\/#breadcrumb"},"inLanguage":"de","potentialAction":[{"@type":"ReadAction","target":["https:\/\/romanianspring.com\/de\/about-romanian-spring\/"]}]},{"@type":"BreadcrumbList","@id":"https:\/\/romanianspring.com\/de\/about-romanian-spring\/#breadcrumb","itemListElement":[{"@type":"ListItem","position":1,"name":"Home","item":"http:\/\/romanianspring.com\/de\/"},{"@type":"ListItem","position":2,"name":"\u00dcber uns"}]}]}},"_links":{"self":[{"href":"https:\/\/romanianspring.com\/de\/wp-json\/wp\/v2\/pages\/665"}],"collection":[{"href":"https:\/\/romanianspring.com\/de\/wp-json\/wp\/v2\/pages"}],"about":[{"href":"https:\/\/romanianspring.com\/de\/wp-json\/wp\/v2\/types\/page"}],"author":[{"embeddable":true,"href":"https:\/\/romanianspring.com\/de\/wp-json\/wp\/v2\/users\/1"}],"replies":[{"embeddable":true,"href":"https:\/\/romanianspring.com\/de\/wp-json\/wp\/v2\/comments?post=665"}],"version-history":[{"count":8,"href":"https:\/\/romanianspring.com\/de\/wp-json\/wp\/v2\/pages\/665\/revisions"}],"predecessor-version":[{"id":1011,"href":"https:\/\/romanianspring.com\/de\/wp-json\/wp\/v2\/pages\/665\/revisions\/1011"}],"wp:attachment":[{"href":"https:\/\/romanianspring.com\/de\/wp-json\/wp\/v2\/media?parent=665"}],"curies":[{"name":"wp","href":"https:\/\/api.w.org\/{rel}","templated":true}]}}